{"id":989,"date":"2023-10-05T09:26:12","date_gmt":"2023-10-05T13:26:12","guid":{"rendered":"https:\/\/afrancoeur.com\/politique-de-confidentialite\/"},"modified":"2023-10-06T09:04:45","modified_gmt":"2023-10-06T13:04:45","slug":"privacy-policy","status":"publish","type":"page","link":"https:\/\/afrancoeur.com\/en\/privacy-policy\/","title":{"rendered":"Privacy policy"},"content":{"rendered":"<p><em>Derni\u00e8re mise \u00e0 jour de la pr\u00e9sente politique : 4 octobre 2023<\/em><\/p>\n<p>Nous reconnaissons notre obligation de g\u00e9rer vos donn\u00e9es de mani\u00e8re responsable. Nous ne vendons pas et ne vendrons pas vos donn\u00e9es \u00e0 des tiers.<\/p>\n<p>Cette politique s\u2019applique \u00e0 l\u2019utilisation du site Web afrancoeur.com. Veuillez la lire attentivement afin de comprendre \u00e0 quel moment vous nous fournissez vos donn\u00e9es et comment nous les utilisons. En utilisant notre site Web, vous acceptez l\u2019utilisation de vos informations personnelles telle que d\u00e9crite dans la pr\u00e9sente Politique.<\/p>\n<h2>Formulaires<\/h2>\n<p>Nous collectons certaines informations personnelles par le biais des formulaires pr\u00e9sents sur le site Web. Les renseignements partag\u00e9s par ces formulaires sont stock\u00e9s dans notre base de donn\u00e9es pour une p\u00e9riode de 6 mois. Ces donn\u00e9es nous sont \u00e9galement transmises par courriel afin d\u2019effectuer un suivi avec vous. Vous pouvez demander \u00e0 ce que ces donn\u00e9es vous soient transmises et\/ou qu\u2019elles soient supprim\u00e9es (consultez la section \u201cLes droits que vous avez sur vos donn\u00e9es\u201d ci-dessous pour plus de d\u00e9tails).<\/p>\n<h2>T\u00e9moins<\/h2>\n<p>Certains t\u00e9moins sont utilis\u00e9s pour comprendre comment les visiteuses et visiteurs interagissent avec le site Internet. Ces t\u00e9moins aident \u00e0 fournir des informations sur des mesures telles que le nombre de personnes qui visitent le site, le taux de rebond, la source de trafic, etc. Ces t\u00e9moins sont collect\u00e9s par des compagnies telles Google Analytics, Facebook et Twitter. Vous avez la possibilit\u00e9 de refuser leur utilisation dans la bande d\u2019acceptation des t\u00e9moins s\u2019affichant dans le bas de notre site lors de votre premi\u00e8re visite.<\/p>\n<h2>Contenu embarqu\u00e9 depuis d\u2019autres sites<\/h2>\n<p>Les articles de ce site peuvent inclure des contenus int\u00e9gr\u00e9s (par exemple des vid\u00e9os, images, articles\u2026). Le contenu int\u00e9gr\u00e9 depuis d\u2019autres sites se comporte de la m\u00eame mani\u00e8re que si le visiteur se rendait sur cet autre site.<\/p>\n<p>Ces sites web pourraient collecter des donn\u00e9es sur vous, utiliser des t\u00e9moins, embarquer des outils de suivis tiers, suivre vos interactions avec ces contenus embarqu\u00e9s si vous disposez d\u2019un compte connect\u00e9 sur leur site web.<\/p>\n<h2>S\u00e9curit\u00e9<\/h2>\n<p>Pour assurer la s\u00e9curit\u00e9 de vos renseignements personnels, nous avons recours aux mesures suivantes :<\/p>\n<ul>\n<li>Protocole SSL (Secure Sockets Layer)<\/li>\n<li>Gestion des acc\u00e8s \u2013 personne autoris\u00e9e<\/li>\n<li>Logiciel de surveillance du r\u00e9seau<\/li>\n<li>Sauvegarde informatique<\/li>\n<li>Identifiant \/ mot de passe<\/li>\n<li>Pare-feu (Firewalls)<\/li>\n<\/ul>\n<h2>Dur\u00e9es de stockage de vos donn\u00e9es<\/h2>\n<p>Les donn\u00e9es que vous entrez dans nos formulaires sont conserv\u00e9es pour une dur\u00e9e de 6 mois.<\/p>\n<h2>Les droits que vous avez sur vos donn\u00e9es<\/h2>\n<p>Si vous avez un compte ou si vous avez laiss\u00e9 des commentaires sur le site, vous pouvez demander \u00e0 recevoir un fichier contenant toutes les donn\u00e9es personnelles que nous poss\u00e9dons \u00e0 votre sujet, incluant celles que vous nous avez fournies. Vous pouvez \u00e9galement demander la suppression des donn\u00e9es personnelles vous concernant. Cela ne prend pas en compte les donn\u00e9es stock\u00e9es \u00e0 des fins administratives, l\u00e9gales ou pour des raisons de s\u00e9curit\u00e9.<\/p>\n<h2>O\u00f9 vos donn\u00e9es sont envoy\u00e9es<\/h2>\n<p>Les commentaires des visiteurs peuvent \u00eatre v\u00e9rifi\u00e9s \u00e0 l\u2019aide d\u2019un service automatis\u00e9 de d\u00e9tection des commentaires ind\u00e9sirables.<\/p>\n<p>Les donn\u00e9es fournies par le biais de nos formulaires sont stock\u00e9es sur notre serveur situ\u00e9e physiquement dans la grande r\u00e9gion de Montr\u00e9al.<\/p>\n<h2>Responsable de la protection des renseignements personnels<\/h2>\n<p>Annie Francoeur, naturoth\u00e9rapeute et propri\u00e9taire, est la responsable de la protection des renseignements personnels chez Qui\u00e9tude &#8211; Annie Francoeur.<\/p>\n<p>Pour la joindre, veuillez \u00e9crire au zafrancoeur@gmail.com ou t\u00e9l\u00e9phoner au 418-541-0333.<\/p>\n<p>Pour en savoir plus sur la loi 25, consulter le site de la <a href=\"https:\/\/www.cai.gouv.qc.ca\/entreprises\/\" target=\"_blank\" rel=\"noopener\">Commission d\u2019acc\u00e8s \u00e0 l\u2019information du Qu\u00e9bec<\/a>.<\/p>\n","protected":false},"excerpt":{"rendered":"<p>Derni\u00e8re mise \u00e0 jour de la pr\u00e9sente politique : 4 octobre 2023 Nous reconnaissons notre obligation de g\u00e9rer vos donn\u00e9es de mani\u00e8re responsable. Nous ne vendons pas et ne vendrons pas vos donn\u00e9es \u00e0 des tiers. Cette politique s\u2019applique \u00e0 l\u2019utilisation du site Web afrancoeur.com. Veuillez la lire attentivement afin de comprendre \u00e0 quel moment&#8230;  <a class=\"excerpt-read-more\" href=\"https:\/\/afrancoeur.com\/en\/privacy-policy\/\" title=\"Read Privacy policy\">Read more &raquo;<\/a><\/p>\n","protected":false},"author":1,"featured_media":0,"parent":0,"menu_order":1,"comment_status":"closed","ping_status":"closed","template":"","meta":{"_acf_changed":false,"footnotes":""},"class_list":["post-989","page","type-page","status-publish","hentry"],"acf":[],"yoast_head":"<!-- This site is optimized with the Yoast SEO plugin v27.4 - https:\/\/yoast.com\/product\/yoast-seo-wordpress\/ -->\n<title>Privacy policy | Qui\u00e9tude<\/title>\n<meta name=\"robots\" content=\"index, follow, max-snippet:-1, max-image-preview:large, max-video-preview:-1\" \/>\n<link rel=\"canonical\" href=\"https:\/\/afrancoeur.com\/en\/privacy-policy\/\" \/>\n<meta property=\"og:locale\" content=\"en_US\" \/>\n<meta property=\"og:type\" content=\"article\" \/>\n<meta property=\"og:title\" content=\"Privacy policy | Qui\u00e9tude\" \/>\n<meta property=\"og:description\" content=\"Derni\u00e8re mise \u00e0 jour de la pr\u00e9sente politique : 4 octobre 2023 Nous reconnaissons notre obligation de g\u00e9rer vos donn\u00e9es de mani\u00e8re responsable. Nous ne vendons pas et ne vendrons pas vos donn\u00e9es \u00e0 des tiers. Cette politique s\u2019applique \u00e0 l\u2019utilisation du site Web afrancoeur.com. Veuillez la lire attentivement afin de comprendre \u00e0 quel moment... Read more &raquo;\" \/>\n<meta property=\"og:url\" content=\"https:\/\/afrancoeur.com\/en\/privacy-policy\/\" \/>\n<meta property=\"og:site_name\" content=\"Qui\u00e9tude\" \/>\n<meta property=\"article:publisher\" content=\"https:\/\/www.facebook.com\/anniefrancoeurHypno\/\" \/>\n<meta property=\"article:modified_time\" content=\"2023-10-06T13:04:45+00:00\" \/>\n<meta name=\"twitter:card\" content=\"summary_large_image\" \/>\n<meta name=\"twitter:site\" content=\"@zafrancoeur\" \/>\n<meta name=\"twitter:label1\" content=\"Est. reading time\" \/>\n\t<meta name=\"twitter:data1\" content=\"3 minutes\" \/>\n<script type=\"application\/ld+json\" class=\"yoast-schema-graph\">{\"@context\":\"https:\\\/\\\/schema.org\",\"@graph\":[{\"@type\":\"WebPage\",\"@id\":\"https:\\\/\\\/afrancoeur.com\\\/en\\\/privacy-policy\\\/\",\"url\":\"https:\\\/\\\/afrancoeur.com\\\/en\\\/privacy-policy\\\/\",\"name\":\"Privacy policy | Qui\u00e9tude\",\"isPartOf\":{\"@id\":\"https:\\\/\\\/afrancoeur.com\\\/en\\\/#website\"},\"datePublished\":\"2023-10-05T13:26:12+00:00\",\"dateModified\":\"2023-10-06T13:04:45+00:00\",\"breadcrumb\":{\"@id\":\"https:\\\/\\\/afrancoeur.com\\\/en\\\/privacy-policy\\\/#breadcrumb\"},\"inLanguage\":\"en-US\",\"potentialAction\":[{\"@type\":\"ReadAction\",\"target\":[\"https:\\\/\\\/afrancoeur.com\\\/en\\\/privacy-policy\\\/\"]}]},{\"@type\":\"BreadcrumbList\",\"@id\":\"https:\\\/\\\/afrancoeur.com\\\/en\\\/privacy-policy\\\/#breadcrumb\",\"itemListElement\":[{\"@type\":\"ListItem\",\"position\":1,\"name\":\"Accueil\",\"item\":\"https:\\\/\\\/afrancoeur.com\\\/en\\\/\"},{\"@type\":\"ListItem\",\"position\":2,\"name\":\"Privacy policy\"}]},{\"@type\":\"WebSite\",\"@id\":\"https:\\\/\\\/afrancoeur.com\\\/en\\\/#website\",\"url\":\"https:\\\/\\\/afrancoeur.com\\\/en\\\/\",\"name\":\"Qui\u00e9tude\",\"description\":\"\",\"publisher\":{\"@id\":\"https:\\\/\\\/afrancoeur.com\\\/en\\\/#organization\"},\"potentialAction\":[{\"@type\":\"SearchAction\",\"target\":{\"@type\":\"EntryPoint\",\"urlTemplate\":\"https:\\\/\\\/afrancoeur.com\\\/en\\\/?s={search_term_string}\"},\"query-input\":{\"@type\":\"PropertyValueSpecification\",\"valueRequired\":true,\"valueName\":\"search_term_string\"}}],\"inLanguage\":\"en-US\"},{\"@type\":\"Organization\",\"@id\":\"https:\\\/\\\/afrancoeur.com\\\/en\\\/#organization\",\"name\":\"Qui\u00e9tude\",\"url\":\"https:\\\/\\\/afrancoeur.com\\\/en\\\/\",\"logo\":{\"@type\":\"ImageObject\",\"inLanguage\":\"en-US\",\"@id\":\"https:\\\/\\\/afrancoeur.com\\\/en\\\/#\\\/schema\\\/logo\\\/image\\\/\",\"url\":\"https:\\\/\\\/afrancoeur.com\\\/wp-content\\\/uploads\\\/2020\\\/03\\\/logo.png\",\"contentUrl\":\"https:\\\/\\\/afrancoeur.com\\\/wp-content\\\/uploads\\\/2020\\\/03\\\/logo.png\",\"width\":311,\"height\":283,\"caption\":\"Qui\u00e9tude\"},\"image\":{\"@id\":\"https:\\\/\\\/afrancoeur.com\\\/en\\\/#\\\/schema\\\/logo\\\/image\\\/\"},\"sameAs\":[\"https:\\\/\\\/www.facebook.com\\\/anniefrancoeurHypno\\\/\",\"https:\\\/\\\/x.com\\\/zafrancoeur\",\"https:\\\/\\\/www.instagram.com\\\/zafrancoeur\\\/\"]}]}<\/script>\n<!-- \/ Yoast SEO plugin. -->","yoast_head_json":{"title":"Privacy policy | Qui\u00e9tude","robots":{"index":"index","follow":"follow","max-snippet":"max-snippet:-1","max-image-preview":"max-image-preview:large","max-video-preview":"max-video-preview:-1"},"canonical":"https:\/\/afrancoeur.com\/en\/privacy-policy\/","og_locale":"en_US","og_type":"article","og_title":"Privacy policy | Qui\u00e9tude","og_description":"Derni\u00e8re mise \u00e0 jour de la pr\u00e9sente politique : 4 octobre 2023 Nous reconnaissons notre obligation de g\u00e9rer vos donn\u00e9es de mani\u00e8re responsable. Nous ne vendons pas et ne vendrons pas vos donn\u00e9es \u00e0 des tiers. Cette politique s\u2019applique \u00e0 l\u2019utilisation du site Web afrancoeur.com. Veuillez la lire attentivement afin de comprendre \u00e0 quel moment... Read more &raquo;","og_url":"https:\/\/afrancoeur.com\/en\/privacy-policy\/","og_site_name":"Qui\u00e9tude","article_publisher":"https:\/\/www.facebook.com\/anniefrancoeurHypno\/","article_modified_time":"2023-10-06T13:04:45+00:00","twitter_card":"summary_large_image","twitter_site":"@zafrancoeur","twitter_misc":{"Est. reading time":"3 minutes"},"schema":{"@context":"https:\/\/schema.org","@graph":[{"@type":"WebPage","@id":"https:\/\/afrancoeur.com\/en\/privacy-policy\/","url":"https:\/\/afrancoeur.com\/en\/privacy-policy\/","name":"Privacy policy | Qui\u00e9tude","isPartOf":{"@id":"https:\/\/afrancoeur.com\/en\/#website"},"datePublished":"2023-10-05T13:26:12+00:00","dateModified":"2023-10-06T13:04:45+00:00","breadcrumb":{"@id":"https:\/\/afrancoeur.com\/en\/privacy-policy\/#breadcrumb"},"inLanguage":"en-US","potentialAction":[{"@type":"ReadAction","target":["https:\/\/afrancoeur.com\/en\/privacy-policy\/"]}]},{"@type":"BreadcrumbList","@id":"https:\/\/afrancoeur.com\/en\/privacy-policy\/#breadcrumb","itemListElement":[{"@type":"ListItem","position":1,"name":"Accueil","item":"https:\/\/afrancoeur.com\/en\/"},{"@type":"ListItem","position":2,"name":"Privacy policy"}]},{"@type":"WebSite","@id":"https:\/\/afrancoeur.com\/en\/#website","url":"https:\/\/afrancoeur.com\/en\/","name":"Qui\u00e9tude","description":"","publisher":{"@id":"https:\/\/afrancoeur.com\/en\/#organization"},"potentialAction":[{"@type":"SearchAction","target":{"@type":"EntryPoint","urlTemplate":"https:\/\/afrancoeur.com\/en\/?s={search_term_string}"},"query-input":{"@type":"PropertyValueSpecification","valueRequired":true,"valueName":"search_term_string"}}],"inLanguage":"en-US"},{"@type":"Organization","@id":"https:\/\/afrancoeur.com\/en\/#organization","name":"Qui\u00e9tude","url":"https:\/\/afrancoeur.com\/en\/","logo":{"@type":"ImageObject","inLanguage":"en-US","@id":"https:\/\/afrancoeur.com\/en\/#\/schema\/logo\/image\/","url":"https:\/\/afrancoeur.com\/wp-content\/uploads\/2020\/03\/logo.png","contentUrl":"https:\/\/afrancoeur.com\/wp-content\/uploads\/2020\/03\/logo.png","width":311,"height":283,"caption":"Qui\u00e9tude"},"image":{"@id":"https:\/\/afrancoeur.com\/en\/#\/schema\/logo\/image\/"},"sameAs":["https:\/\/www.facebook.com\/anniefrancoeurHypno\/","https:\/\/x.com\/zafrancoeur","https:\/\/www.instagram.com\/zafrancoeur\/"]}]}},"_links":{"self":[{"href":"https:\/\/afrancoeur.com\/en\/wp-json\/wp\/v2\/pages\/989","targetHints":{"allow":["GET"]}}],"collection":[{"href":"https:\/\/afrancoeur.com\/en\/wp-json\/wp\/v2\/pages"}],"about":[{"href":"https:\/\/afrancoeur.com\/en\/wp-json\/wp\/v2\/types\/page"}],"author":[{"embeddable":true,"href":"https:\/\/afrancoeur.com\/en\/wp-json\/wp\/v2\/users\/1"}],"replies":[{"embeddable":true,"href":"https:\/\/afrancoeur.com\/en\/wp-json\/wp\/v2\/comments?post=989"}],"version-history":[{"count":2,"href":"https:\/\/afrancoeur.com\/en\/wp-json\/wp\/v2\/pages\/989\/revisions"}],"predecessor-version":[{"id":993,"href":"https:\/\/afrancoeur.com\/en\/wp-json\/wp\/v2\/pages\/989\/revisions\/993"}],"wp:attachment":[{"href":"https:\/\/afrancoeur.com\/en\/wp-json\/wp\/v2\/media?parent=989"}],"curies":[{"name":"wp","href":"https:\/\/api.w.org\/{rel}","templated":true}]}}